{"id":409,"date":"2023-10-24T07:53:52","date_gmt":"2023-10-24T07:53:52","guid":{"rendered":"https:\/\/joes-carwash.de\/?page_id=409"},"modified":"2023-11-23T08:54:02","modified_gmt":"2023-11-23T08:54:02","slug":"elementor-409","status":"publish","type":"page","link":"https:\/\/joes-carwash.de\/index.php\/elementor-409\/","title":{"rendered":"News"},"content":{"rendered":"\t\t<div data-elementor-type=\"wp-page\" data-elementor-id=\"409\" class=\"elementor elementor-409\" data-elementor-post-type=\"page\">\n\t\t\t\t\t\t\t\t\t<section class=\"elementor-section elementor-top-section elementor-element elementor-element-18af6bc6 elementor-section-boxed elementor-section-height-default elementor-section-height-default\" data-id=\"18af6bc6\" data-element_type=\"section\" data-settings=\"{&quot;background_background&quot;:&quot;classic&quot;}\">\n\t\t\t\t\t\t\t<div class=\"elementor-background-overlay\"><\/div>\n\t\t\t\t\t\t\t<div class=\"elementor-container elementor-column-gap-default\">\n\t\t\t\t\t<div class=\"elementor-column elementor-col-100 elementor-top-column elementor-element elementor-element-890b88f\" data-id=\"890b88f\" data-element_type=\"column\">\n\t\t\t<div class=\"elementor-widget-wrap elementor-element-populated\">\n\t\t\t\t\t\t\t\t<div class=\"elementor-element elementor-element-228e7f8b elementor-widget elementor-widget-heading\" data-id=\"228e7f8b\" data-element_type=\"widget\" data-widget_type=\"heading.default\">\n\t\t\t\t<div class=\"elementor-widget-container\">\n\t\t\t<style>\/*! elementor - v3.16.0 - 17-10-2023 *\/\n.elementor-heading-title{padding:0;margin:0;line-height:1}.elementor-widget-heading .elementor-heading-title[class*=elementor-size-]>a{color:inherit;font-size:inherit;line-height:inherit}.elementor-widget-heading .elementor-heading-title.elementor-size-small{font-size:15px}.elementor-widget-heading .elementor-heading-title.elementor-size-medium{font-size:19px}.elementor-widget-heading .elementor-heading-title.elementor-size-large{font-size:29px}.elementor-widget-heading .elementor-heading-title.elementor-size-xl{font-size:39px}.elementor-widget-heading .elementor-heading-title.elementor-size-xxl{font-size:59px}<\/style><h2 class=\"elementor-heading-title elementor-size-default\">News<\/h2>\t\t<\/div>\n\t\t\t\t<\/div>\n\t\t\t\t<div class=\"elementor-element elementor-element-5a5ae665 elementor-icon-list--layout-inline elementor-align-center elementor-list-item-link-full_width elementor-widget elementor-widget-icon-list\" data-id=\"5a5ae665\" data-element_type=\"widget\" data-widget_type=\"icon-list.default\">\n\t\t\t\t<div class=\"elementor-widget-container\">\n\t\t\t<link rel=\"stylesheet\" href=\"https:\/\/joes-carwash.de\/wp-content\/plugins\/elementor\/assets\/css\/widget-icon-list.min.css\">\t\t<ul class=\"elementor-icon-list-items elementor-inline-items\">\n\t\t\t\t\t\t\t<li class=\"elementor-icon-list-item elementor-inline-item\">\n\t\t\t\t\t\t\t\t\t\t<span class=\"elementor-icon-list-text\">Home<\/span>\n\t\t\t\t\t\t\t\t\t<\/li>\n\t\t\t\t\t\t\t\t<li class=\"elementor-icon-list-item elementor-inline-item\">\n\t\t\t\t\t\t\t\t\t\t\t<span class=\"elementor-icon-list-icon\">\n\t\t\t\t\t\t\t<i aria-hidden=\"true\" class=\"jki jki-slash-solid\"><\/i>\t\t\t\t\t\t<\/span>\n\t\t\t\t\t\t\t\t\t\t<span class=\"elementor-icon-list-text\">News<\/span>\n\t\t\t\t\t\t\t\t\t<\/li>\n\t\t\t\t\t\t<\/ul>\n\t\t\t\t<\/div>\n\t\t\t\t<\/div>\n\t\t\t\t\t<\/div>\n\t\t<\/div>\n\t\t\t\t\t\t\t<\/div>\n\t\t<\/section>\n\t\t\t\t<section class=\"elementor-section elementor-top-section elementor-element elementor-element-91d27b7 elementor-section-boxed elementor-section-height-default elementor-section-height-default\" data-id=\"91d27b7\" data-element_type=\"section\">\n\t\t\t\t\t\t<div class=\"elementor-container elementor-column-gap-default\">\n\t\t\t\t\t<div class=\"elementor-column elementor-col-50 elementor-top-column elementor-element elementor-element-18dd8b0\" data-id=\"18dd8b0\" data-element_type=\"column\">\n\t\t\t<div class=\"elementor-widget-wrap elementor-element-populated\">\n\t\t\t\t\t\t\t\t<div class=\"elementor-element elementor-element-06b0371 animated-slow elementor-invisible elementor-widget elementor-widget-jkit_heading\" data-id=\"06b0371\" data-element_type=\"widget\" data-settings=\"{&quot;_animation&quot;:&quot;fadeInLeft&quot;}\" data-widget_type=\"jkit_heading.default\">\n\t\t\t\t<div class=\"elementor-widget-container\">\n\t\t\t<div  class=\"jeg-elementor-kit jkit-heading  align-left align-tablet- align-mobile- jeg_module___69f3c965101a6\" ><h4 class=\"heading-section-subtitle border-enable style-color\">News<\/h4><div class=\"heading-section-title  display-inline-block\"><h2 class=\"heading-title\">NEU - Fortador Steam Cleaner<\/h2><\/div><div class=\"heading-section-description\"><h5 class=\"font_2 wixui-rich-text__text\"><span class=\"wixui-rich-text__text\"><span class=\"color_11 wixui-rich-text__text\">Fortador Steam Cleaner<\/span><\/span><\/h5><ul><li class=\"wixui-rich-text__text\"><p class=\"font_2 wixui-rich-text__text\"><span class=\"wixui-rich-text__text\"><span class=\"color_11 wixui-rich-text__text\"><span class=\"wixui-rich-text__text\"><span class=\"wixui-rich-text__text\">Motorw\u00e4sche nur mit Dampf<\/span><\/span><\/span><\/span><\/p><\/li><li class=\"wixui-rich-text__text\"><p class=\"font_2 wixui-rich-text__text\"><span class=\"wixui-rich-text__text\"><span class=\"color_11 wixui-rich-text__text\">Innenkomplettreinigung<\/span><\/span><\/p><\/li><li class=\"wixui-rich-text__text\"><p class=\"font_2 wixui-rich-text__text\"><span class=\"wixui-rich-text__text\"><span class=\"color_11 wixui-rich-text__text\">Klimaanlagendesinfektion<\/span><\/span><\/p><\/li><li class=\"wixui-rich-text__text\"><p class=\"font_2 wixui-rich-text__text\"><span class=\"wixui-rich-text__text\"><span class=\"color_11 wixui-rich-text__text\">Entfernung von Schimmel und unangenehmen Ger\u00fcchen<\/span><\/span><\/p><\/li><li class=\"wixui-rich-text__text\"><p class=\"font_2 wixui-rich-text__text\"><span class=\"wixui-rich-text__text\"><span class=\"color_11 wixui-rich-text__text\">Kleine Kratzer durch Dampf und W\u00e4rme entfernen<\/span><\/span><\/p><\/li><\/ul><h5 class=\"font_3 wixui-rich-text__text\"><span class=\"wixui-rich-text__text\"><span class=\"color_11 wixui-rich-text__text\">Gerne unterbreiten wir Ihnen ein Angebot !<\/span><br class=\"wixui-rich-text__text\" \/><\/span><\/h5><\/div><\/div>\t\t<\/div>\n\t\t\t\t<\/div>\n\t\t\t\t\t<\/div>\n\t\t<\/div>\n\t\t\t\t<div class=\"elementor-column elementor-col-50 elementor-top-column elementor-element elementor-element-35a7d6f\" data-id=\"35a7d6f\" data-element_type=\"column\">\n\t\t\t<div class=\"elementor-widget-wrap elementor-element-populated\">\n\t\t\t\t\t\t\t\t<div class=\"elementor-element elementor-element-cdb7205 elementor-widget__width-initial elementor-widget elementor-widget-image\" data-id=\"cdb7205\" data-element_type=\"widget\" data-widget_type=\"image.default\">\n\t\t\t\t<div class=\"elementor-widget-container\">\n\t\t\t<style>\/*! elementor - v3.16.0 - 17-10-2023 *\/\n.elementor-widget-image{text-align:center}.elementor-widget-image a{display:inline-block}.elementor-widget-image a img[src$=\".svg\"]{width:48px}.elementor-widget-image img{vertical-align:middle;display:inline-block}<\/style>\t\t\t\t\t\t\t\t\t\t\t\t<img loading=\"lazy\" decoding=\"async\" width=\"473\" height=\"352\" src=\"https:\/\/joes-carwash.de\/wp-content\/uploads\/2023\/10\/Izet-25.jpg\" class=\"attachment-large size-large wp-image-426\" alt=\"\" srcset=\"https:\/\/joes-carwash.de\/wp-content\/uploads\/2023\/10\/Izet-25.jpg 473w, https:\/\/joes-carwash.de\/wp-content\/uploads\/2023\/10\/Izet-25-300x223.jpg 300w\" sizes=\"auto, (max-width: 473px) 100vw, 473px\" \/>\t\t\t\t\t\t\t\t\t\t\t\t\t\t\t<\/div>\n\t\t\t\t<\/div>\n\t\t\t\t\t<\/div>\n\t\t<\/div>\n\t\t\t\t\t\t\t<\/div>\n\t\t<\/section>\n\t\t\t\t\t\t\t<\/div>\n\t\t","protected":false},"excerpt":{"rendered":"<p>News Home News News NEU &#8211; Fortador Steam Cleaner Fortador Steam Cleaner Motorw\u00e4sche nur mit Dampf Innenkomplettreinigung Klimaanlagendesinfektion Entfernung von Schimmel und unangenehmen Ger\u00fcchen Kleine Kratzer durch Dampf und W\u00e4rme entfernen Gerne unterbreiten wir Ihnen ein Angebot !<\/p>\n","protected":false},"author":1,"featured_media":0,"parent":0,"menu_order":0,"comment_status":"closed","ping_status":"closed","template":"","meta":{"footnotes":""},"class_list":["post-409","page","type-page","status-publish","hentry"],"_links":{"self":[{"href":"https:\/\/joes-carwash.de\/index.php\/wp-json\/wp\/v2\/pages\/409","targetHints":{"allow":["GET"]}}],"collection":[{"href":"https:\/\/joes-carwash.de\/index.php\/wp-json\/wp\/v2\/pages"}],"about":[{"href":"https:\/\/joes-carwash.de\/index.php\/wp-json\/wp\/v2\/types\/page"}],"author":[{"embeddable":true,"href":"https:\/\/joes-carwash.de\/index.php\/wp-json\/wp\/v2\/users\/1"}],"replies":[{"embeddable":true,"href":"https:\/\/joes-carwash.de\/index.php\/wp-json\/wp\/v2\/comments?post=409"}],"version-history":[{"count":10,"href":"https:\/\/joes-carwash.de\/index.php\/wp-json\/wp\/v2\/pages\/409\/revisions"}],"predecessor-version":[{"id":753,"href":"https:\/\/joes-carwash.de\/index.php\/wp-json\/wp\/v2\/pages\/409\/revisions\/753"}],"wp:attachment":[{"href":"https:\/\/joes-carwash.de\/index.php\/wp-json\/wp\/v2\/media?parent=409"}],"curies":[{"name":"wp","href":"https:\/\/api.w.org\/{rel}","templated":true}]}}